{"id":141,"date":"2026-05-12T11:17:16","date_gmt":"2026-05-12T11:17:16","guid":{"rendered":"http:\/\/www.gastrodenetim.com.tr\/?page_id=141"},"modified":"2026-05-12T17:19:18","modified_gmt":"2026-05-12T17:19:18","slug":"hizmetlerimiz","status":"publish","type":"page","link":"http:\/\/www.gastrodenetim.com.tr\/index.php\/hizmetlerimiz\/","title":{"rendered":"H\u0130ZMETLER\u0130M\u0130Z"},"content":{"rendered":"\n<p><\/p>\n\n\n\n<figure class=\"wp-block-image size-large\"><img loading=\"lazy\" decoding=\"async\" width=\"1024\" height=\"683\" src=\"http:\/\/www.gastrodenetim.com.tr\/wp-content\/uploads\/2026\/05\/cbf4c942-b3dd-4af9-8119-d3b63bee4037-1024x683.jpg\" alt=\"\" class=\"wp-image-166\" srcset=\"http:\/\/www.gastrodenetim.com.tr\/wp-content\/uploads\/2026\/05\/cbf4c942-b3dd-4af9-8119-d3b63bee4037-1024x683.jpg 1024w, http:\/\/www.gastrodenetim.com.tr\/wp-content\/uploads\/2026\/05\/cbf4c942-b3dd-4af9-8119-d3b63bee4037-300x200.jpg 300w, http:\/\/www.gastrodenetim.com.tr\/wp-content\/uploads\/2026\/05\/cbf4c942-b3dd-4af9-8119-d3b63bee4037-768x512.jpg 768w, http:\/\/www.gastrodenetim.com.tr\/wp-content\/uploads\/2026\/05\/cbf4c942-b3dd-4af9-8119-d3b63bee4037.jpg 1536w\" sizes=\"(max-width: 1024px) 100vw, 1024px\" \/><\/figure>\n\n\n\n<p><\/p>\n","protected":false},"excerpt":{"rendered":"","protected":false},"author":1,"featured_media":0,"parent":0,"menu_order":0,"comment_status":"closed","ping_status":"closed","template":"","meta":{"saved_in_kubio":false,"footnotes":""},"class_list":["post-141","page","type-page","status-publish","hentry"],"kubio_ai_page_context":{"short_desc":"","purpose":"general"},"_links":{"self":[{"href":"http:\/\/www.gastrodenetim.com.tr\/index.php\/wp-json\/wp\/v2\/pages\/141","targetHints":{"allow":["GET"]}}],"collection":[{"href":"http:\/\/www.gastrodenetim.com.tr\/index.php\/wp-json\/wp\/v2\/pages"}],"about":[{"href":"http:\/\/www.gastrodenetim.com.tr\/index.php\/wp-json\/wp\/v2\/types\/page"}],"author":[{"embeddable":true,"href":"http:\/\/www.gastrodenetim.com.tr\/index.php\/wp-json\/wp\/v2\/users\/1"}],"replies":[{"embeddable":true,"href":"http:\/\/www.gastrodenetim.com.tr\/index.php\/wp-json\/wp\/v2\/comments?post=141"}],"version-history":[{"count":4,"href":"http:\/\/www.gastrodenetim.com.tr\/index.php\/wp-json\/wp\/v2\/pages\/141\/revisions"}],"predecessor-version":[{"id":167,"href":"http:\/\/www.gastrodenetim.com.tr\/index.php\/wp-json\/wp\/v2\/pages\/141\/revisions\/167"}],"wp:attachment":[{"href":"http:\/\/www.gastrodenetim.com.tr\/index.php\/wp-json\/wp\/v2\/media?parent=141"}],"curies":[{"name":"wp","href":"https:\/\/api.w.org\/{rel}","templated":true}]}}