{"id":185,"date":"2026-05-13T14:23:24","date_gmt":"2026-05-13T14:23:24","guid":{"rendered":"http:\/\/www.gastrodenetim.com.tr\/?page_id=185"},"modified":"2026-05-15T13:22:33","modified_gmt":"2026-05-15T13:22:33","slug":"gida-guvenligi-denetim","status":"publish","type":"page","link":"http:\/\/www.gastrodenetim.com.tr\/index.php\/gida-guvenligi-denetim\/","title":{"rendered":"DENET\u0130M H\u0130ZMETLER\u0130"},"content":{"rendered":"\n\n\n\n\n\n\n<p><\/p>\n","protected":false},"excerpt":{"rendered":"","protected":false},"author":1,"featured_media":0,"parent":0,"menu_order":0,"comment_status":"closed","ping_status":"closed","template":"","meta":{"saved_in_kubio":true,"footnotes":""},"class_list":["post-185","page","type-page","status-publish","hentry"],"kubio_ai_page_context":{"short_desc":"","purpose":"general"},"_links":{"self":[{"href":"http:\/\/www.gastrodenetim.com.tr\/index.php\/wp-json\/wp\/v2\/pages\/185","targetHints":{"allow":["GET"]}}],"collection":[{"href":"http:\/\/www.gastrodenetim.com.tr\/index.php\/wp-json\/wp\/v2\/pages"}],"about":[{"href":"http:\/\/www.gastrodenetim.com.tr\/index.php\/wp-json\/wp\/v2\/types\/page"}],"author":[{"embeddable":true,"href":"http:\/\/www.gastrodenetim.com.tr\/index.php\/wp-json\/wp\/v2\/users\/1"}],"replies":[{"embeddable":true,"href":"http:\/\/www.gastrodenetim.com.tr\/index.php\/wp-json\/wp\/v2\/comments?post=185"}],"version-history":[{"count":9,"href":"http:\/\/www.gastrodenetim.com.tr\/index.php\/wp-json\/wp\/v2\/pages\/185\/revisions"}],"predecessor-version":[{"id":225,"href":"http:\/\/www.gastrodenetim.com.tr\/index.php\/wp-json\/wp\/v2\/pages\/185\/revisions\/225"}],"wp:attachment":[{"href":"http:\/\/www.gastrodenetim.com.tr\/index.php\/wp-json\/wp\/v2\/media?parent=185"}],"curies":[{"name":"wp","href":"https:\/\/api.w.org\/{rel}","templated":true}]}}