{"id":189,"date":"2026-05-13T14:25:48","date_gmt":"2026-05-13T14:25:48","guid":{"rendered":"http:\/\/www.gastrodenetim.com.tr\/?page_id=189"},"modified":"2026-05-15T15:43:19","modified_gmt":"2026-05-15T15:43:19","slug":"bina-hijyeni-ve-temizlik-denetimi","status":"publish","type":"page","link":"http:\/\/www.gastrodenetim.com.tr\/index.php\/bina-hijyeni-ve-temizlik-denetimi\/","title":{"rendered":"B\u0130NA H\u0130JYEN\u0130 VE TEM\u0130ZL\u0130K DENET\u0130M\u0130"},"content":{"rendered":"\n<p class=\"has-text-color has-link-color wp-elements-ebe5971dba382ba347e5d2e4036c5c9a\" style=\"color:#083088\"><strong>\u0130\u015fletmenizde S\u00fcrd\u00fcr\u00fclebilir Kaliteyi Birlikte \u0130n\u015fa Edelim<\/strong><\/p>\n\n\n\n<p class=\"has-text-color has-link-color wp-elements-e27eac00411caf449ea344f5b73d6c30\" style=\"color:#04297b\"><a href=\"https:\/\/www.gastrodenetim.com.tr\/?utm_source=chatgpt.com\">Gastro Denetim<\/a> olarak; otel, restoran, kafe, catering firmalar\u0131, \u00fcretim tesisleri ve toplu yemek i\u015fletmeleri i\u00e7in kalite y\u00f6netim sistemi dan\u0131\u015fmanl\u0131\u011f\u0131 hizmetleri sunuyoruz.<\/p>\n\n\n\n<p class=\"has-text-color has-link-color wp-elements-642083491a0d91d88f3b782f9c0cc864\" style=\"color:#08286d\">\u0130\u015fletmenizin operasyonlar\u0131n\u0131 ulusal ve uluslararas\u0131 kalite standartlar\u0131na uygun hale getirerek; daha g\u00fcvenilir, daha verimli ve daha s\u00fcrd\u00fcr\u00fclebilir bir \u00e7al\u0131\u015fma sistemi olu\u015fturman\u0131za destek oluyoruz.<\/p>\n\n\n\n<p class=\"has-text-color has-link-color wp-elements-be88984b85da0f98106f082c84ef02e4\" style=\"color:#072c7c\"><strong>Kalite Y\u00f6netim Sistemi Nedir?<\/strong><\/p>\n\n\n\n<p class=\"has-text-color has-link-color wp-elements-c3aac06f64e2d7846965a6371523e10f\" style=\"color:#0a3185\">Kalite Y\u00f6netim Sistemi (KYS), i\u015fletmelerin hizmet ve \u00fcretim s\u00fcre\u00e7lerini belirli standartlara g\u00f6re planlamas\u0131n\u0131, uygulamas\u0131n\u0131, denetlemesini ve s\u00fcrekli geli\u015ftirmesini sa\u011flayan profesyonel bir y\u00f6netim modelidir.<\/p>\n\n\n\n<p class=\"has-text-color has-link-color wp-elements-4cede3367875ca00634d1076754bbd75\" style=\"color:#073495\">Do\u011fru yap\u0131land\u0131r\u0131lm\u0131\u015f bir kalite sistemi sayesinde i\u015fletmeler:<\/p>\n\n\n\n<ul class=\"wp-block-list\">\n<li class=\"has-text-color has-link-color wp-elements-693d4079a25fa0cb0784d3ddeccd63b8\" style=\"color:#0b3287\">Hizmet kalitesini art\u0131r\u0131r<\/li>\n\n\n\n<li class=\"has-text-color has-link-color wp-elements-12b116dce6fe506919b8397201dee2c2\" style=\"color:#093289\">Operasyonel hatalar\u0131 azalt\u0131r<\/li>\n\n\n\n<li class=\"has-text-color has-link-color wp-elements-587ed64a81f64b376a103ebc779768d7\" style=\"color:#0d2e75\">M\u00fc\u015fteri memnuniyetini y\u00fckseltir<\/li>\n\n\n\n<li class=\"has-text-color has-link-color wp-elements-054f1dcb9736448f23b6b700202321f9\" style=\"color:#09286b\">Resmi denetimlere haz\u0131r hale gelir<\/li>\n\n\n\n<li class=\"has-text-color has-link-color wp-elements-5fffed4ff963b86521565d62fb3ebcbc\" style=\"color:#06266b\">Marka g\u00fcvenilirli\u011fini g\u00fc\u00e7lendirir<\/li>\n\n\n\n<li class=\"has-text-color has-link-color wp-elements-9d6911ce60ab8e211b92e0ff8c06e9d0\" style=\"color:#0a2a6f\">S\u00fcre\u00e7lerini s\u00fcrd\u00fcr\u00fclebilir hale getirir<\/li>\n<\/ul>\n\n\n\n<p class=\"has-text-color has-link-color wp-elements-03f2ef8bdf2be48df1d485b8de57f40c\" style=\"color:#0a2d78\"><strong>Hizmet Kapsam\u0131m\u0131z<\/strong><\/p>\n\n\n\n<p class=\"has-text-color has-link-color wp-elements-06d9988f03f766c14f89b149229d788d\" style=\"color:#092769\"><strong>ISO 22000 G\u0131da G\u00fcvenli\u011fi Y\u00f6netim Sistemi<\/strong><\/p>\n\n\n\n<p class=\"has-text-color has-link-color wp-elements-3a9e324c42b79a5aa285093e9fef7348\" style=\"color:#082a74\">G\u0131da \u00fcretim ve hizmet s\u00fcre\u00e7lerinizin uluslararas\u0131 standartlara uygun \u015fekilde yap\u0131land\u0131r\u0131lmas\u0131n\u0131 sa\u011fl\u0131yoruz.<\/p>\n\n\n\n<p class=\"has-text-color has-link-color wp-elements-7ffd38ecaba5d67dd7b74af62b40b556\" style=\"color:#0a2f7e\"><strong>HACCP Kurulumu ve Uygulamalar\u0131<\/strong><\/p>\n\n\n\n<p class=\"has-text-color has-link-color wp-elements-66be44ac9ebcc36c308abb2e10ecadb5\" style=\"color:#072668\">Tehlike analizleri yaparak kritik kontrol noktalar\u0131n\u0131 belirliyor, i\u015fletmenize \u00f6zel HACCP sistemleri olu\u015fturuyoruz.<\/p>\n\n\n\n<p class=\"has-text-color has-link-color wp-elements-3abcbc8d3cefb3226605700644ab55e0\" style=\"color:#082b76\"><strong>ISO 9001 Kalite Y\u00f6netim Sistemi<\/strong><\/p>\n\n\n\n<p class=\"has-text-color has-link-color wp-elements-163f914548f5f4b0cec96e0433d5b5a4\" style=\"color:#082563\">\u0130\u015fletmenizin t\u00fcm s\u00fcre\u00e7lerini kalite odakl\u0131 y\u00f6netebilmeniz i\u00e7in profesyonel sistem altyap\u0131s\u0131 kuruyoruz.<\/p>\n\n\n\n<p class=\"has-text-color has-link-color wp-elements-05238fae59b50bdd5f1d14511007e7b2\" style=\"color:#0b3081\"><strong>\u0130\u00e7 Denetim ve S\u00fcre\u00e7 Kontrol\u00fc<\/strong><\/p>\n\n\n\n<p class=\"has-text-color has-link-color wp-elements-cdccf0d80e5ae4f1abdc9b2f3acc17ff\" style=\"color:#0d3180\">Mevcut sistemlerinizi analiz ediyor, eksikleri tespit ederek iyile\u015ftirme planlar\u0131 haz\u0131rl\u0131yoruz.<\/p>\n\n\n\n<p class=\"has-text-color has-link-color wp-elements-9fcfb62642a4d38e7f9408bd0b69a57b\" style=\"color:#11337c\"><strong>Dok\u00fcmantasyon ve Prosed\u00fcr Olu\u015fturma<\/strong><\/p>\n\n\n\n<p class=\"has-text-color has-link-color wp-elements-7cdcd21f62fe736c0598d67445be3513\" style=\"color:#102d6d\">\u0130\u015fletmenize \u00f6zel:<\/p>\n\n\n\n<ul class=\"wp-block-list\">\n<li class=\"has-text-color has-link-color wp-elements-35b5316acff08f4601763055ba4966af\" style=\"color:#0c2e76\">Prosed\u00fcrler<\/li>\n\n\n\n<li class=\"has-text-color has-link-color wp-elements-adda43d52dc1385e4f2032982d60e2ca\" style=\"color:#0b245c\">Talimatlar<\/li>\n\n\n\n<li class=\"has-text-color has-link-color wp-elements-60372a043234b4051e047bb89db93b95\" style=\"color:#0d2864\">Formlar<\/li>\n\n\n\n<li class=\"has-text-color has-link-color wp-elements-44f3d6b1e2f215ae407aed1141f300b7\" style=\"color:#09235b\">Kontrol listeleri<\/li>\n\n\n\n<li class=\"has-text-color has-link-color wp-elements-cf8b48f008af0e8396ab3740db0d4be3\" style=\"color:#06215a\">Denetim raporlar\u0131<br>haz\u0131rl\u0131yoruz.<\/li>\n<\/ul>\n\n\n\n<p class=\"has-text-color has-link-color wp-elements-62adb307267a66055968f2ba08c01790\" style=\"color:#0e2b69\"><strong>Neden Gastro Denetim?<\/strong><\/p>\n\n\n\n<p class=\"has-text-color has-link-color wp-elements-177b1be150a1577372aeaf8ea6514143\" style=\"color:#0d307a\">\u2714 \u0130\u015fletmeye \u00f6zel \u00e7\u00f6z\u00fcm odakl\u0131 yakla\u015f\u0131m<br>\u2714 Saha deneyimine sahip uzman dan\u0131\u015fmanl\u0131k<br>\u2714 Resmi mevzuata uygun sistem kurulumu<br>\u2714 Denetime haz\u0131r profesyonel altyap\u0131<br>\u2714 S\u00fcrekli geli\u015fim ve s\u00fcrd\u00fcr\u00fclebilir kalite anlay\u0131\u015f\u0131<br>\u2714 Otel, restoran ve toplu t\u00fcketim sekt\u00f6r\u00fcne \u00f6zel uzmanl\u0131k<\/p>\n\n\n\n<p class=\"has-text-color has-link-color wp-elements-02076c6287c0f6d58ce3698821758cb6\" style=\"color:#0e2f76\"><strong>Kimlere Hizmet Veriyoruz?<\/strong><\/p>\n\n\n\n<ul class=\"wp-block-list\">\n<li class=\"has-text-color has-link-color wp-elements-b3a79d4db3a887eed8e07226021d092d\" style=\"color:#113177\">Oteller<\/li>\n\n\n\n<li class=\"has-text-color has-link-color wp-elements-9002df21d4b4dba1cabcd554b5397308\" style=\"color:#07215b\">Restoranlar<\/li>\n\n\n\n<li>Kafeler<\/li>\n\n\n\n<li class=\"has-text-color has-link-color wp-elements-850a1730541fde3e89a9c9be88721a5b\" style=\"color:#0d2c6e\">Catering firmalar\u0131<\/li>\n\n\n\n<li class=\"has-text-color has-link-color wp-elements-331dc92ecde3e343f85212d458f28ee5\" style=\"color:#0e2a68\">Hastaneler<\/li>\n\n\n\n<li class=\"has-text-color has-link-color wp-elements-679c91d44e49b491057288284a39bcf4\" style=\"color:#0c2660\">Okullar<\/li>\n\n\n\n<li class=\"has-text-color has-link-color wp-elements-05f368f167f23d4e8d1c1d7b3ac4e192\" style=\"color:#0c255b\">Kurumsal yemekhaneler<\/li>\n\n\n\n<li class=\"has-text-color has-link-color wp-elements-757a9c5190c75a069ff1727b961b1fb7\" style=\"color:#0b2357\">G\u0131da \u00fcretim tesisleri<\/li>\n\n\n\n<li class=\"has-text-color has-link-color wp-elements-4ff0984b5bebf39d369e3b8c0e632b8e\" style=\"color:#0d2862\">Pastaneler ve f\u0131r\u0131nlar<\/li>\n\n\n\n<li class=\"has-text-color has-link-color wp-elements-6a88858158a49ae632c3e8d638c18411\" style=\"color:#0a255e\">Zincir i\u015fletmeler<\/li>\n<\/ul>\n\n\n\n<p class=\"has-text-color has-link-color wp-elements-69ed1d5ba781802916393d29b8ac5657\" style=\"color:#0c2a6b\"><strong>\u0130\u015fletmenize Sa\u011flad\u0131\u011f\u0131m\u0131z Katk\u0131lar<\/strong><\/p>\n\n\n\n<ul class=\"wp-block-list\">\n<li>G\u0131da g\u00fcvenli\u011fi risklerinin azalt\u0131lmas\u0131<\/li>\n\n\n\n<li>Operasyonel s\u00fcre\u00e7lerin standartla\u015ft\u0131r\u0131lmas\u0131<\/li>\n\n\n\n<li>Personel bilin\u00e7 d\u00fczeyinin art\u0131r\u0131lmas\u0131<\/li>\n\n\n\n<li>M\u00fc\u015fteri memnuniyetinin y\u00fckseltilmesi<\/li>\n\n\n\n<li>Resmi denetimlerde g\u00fcvenli s\u00fcre\u00e7 y\u00f6netimi<\/li>\n\n\n\n<li>Marka itibar\u0131n\u0131n g\u00fc\u00e7lendirilmesi<\/li>\n\n\n\n<li>Verimlilik ve k\u00e2rl\u0131l\u0131\u011f\u0131n art\u0131r\u0131lmas\u0131<\/li>\n<\/ul>\n\n\n\n<p><strong>G\u00fcven \u2022 Kontrol \u2022 Kalite<\/strong><\/p>\n\n\n\n<p>\u0130\u015fletmenizin her alan\u0131nda s\u00fcrd\u00fcr\u00fclebilir kalite anlay\u0131\u015f\u0131 olu\u015fturmak i\u00e7in profesyonel dan\u0131\u015fmanl\u0131k hizmetleri sunuyoruz.<\/p>\n\n\n\n<p><strong>Gastro Denetim<\/strong><\/p>\n\n\n\n<p>G\u0131da G\u00fcvenli\u011fi \u2022 E\u011fitim \u2022 Denetim \u2022 Dan\u0131\u015fmanl\u0131k<\/p>\n","protected":false},"excerpt":{"rendered":"<p>\u0130\u015fletmenizde S\u00fcrd\u00fcr\u00fclebilir Kaliteyi Birlikte \u0130n\u015fa Edelim Gastro Denetim olarak; otel, restoran, kafe, catering firmalar\u0131, \u00fcretim tesisleri ve toplu yemek i\u015fletmeleri i\u00e7in kalite y\u00f6netim sistemi dan\u0131\u015fmanl\u0131\u011f\u0131 hizmetleri sunuyoruz. \u0130\u015fletmenizin operasyonlar\u0131n\u0131 ulusal ve uluslararas\u0131 kalite standartlar\u0131na uygun hale getirerek; daha g\u00fcvenilir, daha verimli ve daha s\u00fcrd\u00fcr\u00fclebilir bir \u00e7al\u0131\u015fma sistemi olu\u015fturman\u0131za destek oluyoruz. Kalite Y\u00f6netim Sistemi Nedir? Kalite [&hellip;]<\/p>\n","protected":false},"author":1,"featured_media":0,"parent":0,"menu_order":0,"comment_status":"closed","ping_status":"closed","template":"","meta":{"saved_in_kubio":true,"footnotes":""},"class_list":["post-189","page","type-page","status-publish","hentry"],"kubio_ai_page_context":{"short_desc":"","purpose":"general"},"_links":{"self":[{"href":"http:\/\/www.gastrodenetim.com.tr\/index.php\/wp-json\/wp\/v2\/pages\/189","targetHints":{"allow":["GET"]}}],"collection":[{"href":"http:\/\/www.gastrodenetim.com.tr\/index.php\/wp-json\/wp\/v2\/pages"}],"about":[{"href":"http:\/\/www.gastrodenetim.com.tr\/index.php\/wp-json\/wp\/v2\/types\/page"}],"author":[{"embeddable":true,"href":"http:\/\/www.gastrodenetim.com.tr\/index.php\/wp-json\/wp\/v2\/users\/1"}],"replies":[{"embeddable":true,"href":"http:\/\/www.gastrodenetim.com.tr\/index.php\/wp-json\/wp\/v2\/comments?post=189"}],"version-history":[{"count":5,"href":"http:\/\/www.gastrodenetim.com.tr\/index.php\/wp-json\/wp\/v2\/pages\/189\/revisions"}],"predecessor-version":[{"id":241,"href":"http:\/\/www.gastrodenetim.com.tr\/index.php\/wp-json\/wp\/v2\/pages\/189\/revisions\/241"}],"wp:attachment":[{"href":"http:\/\/www.gastrodenetim.com.tr\/index.php\/wp-json\/wp\/v2\/media?parent=189"}],"curies":[{"name":"wp","href":"https:\/\/api.w.org\/{rel}","templated":true}]}}