{"id":196,"date":"2026-05-13T15:22:53","date_gmt":"2026-05-13T15:22:53","guid":{"rendered":"http:\/\/www.gastrodenetim.com.tr\/?page_id=196"},"modified":"2026-05-15T14:03:48","modified_gmt":"2026-05-15T14:03:48","slug":"egitimler","status":"publish","type":"page","link":"http:\/\/www.gastrodenetim.com.tr\/index.php\/egitimler\/","title":{"rendered":"E\u011e\u0130T\u0130MLER"},"content":{"rendered":"\n<p class=\"has-text-color has-link-color has-large-font-size wp-elements-9aa9bf140eafcd44235222c6249b2e70\" style=\"color:#90d948\"><strong>G\u0131da G\u00fcvenli\u011finde Bilin\u00e7li Ekipler, G\u00fc\u00e7l\u00fc \u0130\u015fletmeler<\/strong><\/p>\n\n\n\n<p class=\"has-text-color has-link-color wp-elements-e518d498ce89d766a09bc1b1b9ca32ff\" style=\"color:#083aa5\"><strong>Gastro Denetim olarak i\u015fletmelerin yaln\u0131zca denetlenmesini de\u011fil, ayn\u0131 zamanda s\u00fcrd\u00fcr\u00fclebilir hijyen k\u00fclt\u00fcr\u00fc olu\u015fturmas\u0131n\u0131 hedefliyoruz.<br>Sekt\u00f6re \u00f6zel haz\u0131rlad\u0131\u011f\u0131m\u0131z e\u011fitim programlar\u0131 ile personellerinizin g\u0131da g\u00fcvenli\u011fi, hijyen ve operasyonel kalite konular\u0131nda bilin\u00e7lenmesini sa\u011fl\u0131yoruz.<\/strong><\/p>\n\n\n\n<p class=\"has-kubio-color-1-color has-text-color has-link-color wp-elements-32a7ac37a966ceb51df208711fb6efae\">\u2e3b<\/p>\n\n\n\n<p class=\"has-text-color has-link-color has-large-font-size wp-elements-33b75a810b0c855f84c0875fb336f228\" style=\"color:#42da3f\"><strong>E\u011fitimlerimiz Neleri Kapsar?<\/strong><\/p>\n\n\n\n<p class=\"has-text-color has-link-color wp-elements-d0bcee79d66e5fb76521a9b74f673862\" style=\"color:#48d953\"><strong>Personel Hijyen E\u011fitimi<\/strong><\/p>\n\n\n\n<p class=\"has-text-color has-link-color wp-elements-a2f9a8dcea46c1f59f755764c32af397\" style=\"color:#241ac7\"><strong>\u00c7al\u0131\u015fanlar\u0131n ki\u015fisel hijyen kurallar\u0131, do\u011fru el y\u0131kama uygulamalar\u0131, \u00fcniforma kullan\u0131m\u0131 ve \u00e7apraz bula\u015fma risklerinin \u00f6nlenmesi konular\u0131nda uygulamal\u0131 e\u011fitimler sunuyoruz.<\/strong><\/p>\n\n\n\n<p class=\"has-text-color has-link-color wp-elements-cfc9de67c9f99b10020a1c218b3c42f2\" style=\"color:#48d962\"><strong>G\u0131da G\u00fcvenli\u011fi E\u011fitimi<\/strong><\/p>\n\n\n\n<p class=\"has-text-color has-link-color wp-elements-18acff9cebeaaea47d24bf0741569f2d\" style=\"color:#1c47a4\"><strong>G\u0131dan\u0131n sat\u0131n alma a\u015famas\u0131ndan servise kadar ge\u00e7en t\u00fcm s\u00fcre\u00e7lerde g\u00fcvenli \u00fcretim ve saklama ko\u015fullar\u0131n\u0131 anlat\u0131yoruz.<\/strong><\/p>\n\n\n\n<p class=\"has-text-color has-link-color wp-elements-a9e7974a11bac1f0a5c1764ca6627830\" style=\"color:#04dc2c\"><strong>HACCP ve Risk Analizi E\u011fitimi<\/strong><\/p>\n\n\n\n<p class=\"has-text-color has-link-color wp-elements-fbd00991673b0ab7d5d884b2a1fcc2a1\" style=\"color:#0538a5\"><strong>\u0130\u015fletmenize \u00f6zel risk noktalar\u0131n\u0131 belirliyor, kritik kontrol noktalar\u0131n\u0131n nas\u0131l y\u00f6netilece\u011fini ekiplerinize aktar\u0131yoruz.<\/strong><\/p>\n\n\n\n<p class=\"has-text-color has-link-color wp-elements-0671027db02a5593aa977f0918dd51e0\" style=\"color:#0cd724\"><strong>Mutfak ve \u00dcretim Alan\u0131 Hijyen E\u011fitimi<\/strong><\/p>\n\n\n\n<p class=\"has-text-color has-link-color wp-elements-d48e3921375d2eb9674f4c6f4c8385ff\" style=\"color:#1951cc\"><strong>Profesyonel mutfaklarda do\u011fru temizlik, dezenfeksiyon ve ekipman kullan\u0131m s\u00fcre\u00e7leri hakk\u0131nda saha odakl\u0131 e\u011fitimler veriyoruz.<\/strong><\/p>\n\n\n\n<p class=\"has-text-color has-link-color wp-elements-066747f856c9d3db66f53750ab4b1885\" style=\"color:#22d542\"><strong>Alerjen Y\u00f6netimi E\u011fitimi<\/strong><\/p>\n\n\n\n<p class=\"has-text-color has-link-color wp-elements-2ac81cfb7b9a64da1678f012a9f1a6de\" style=\"color:#1d55cc\"><strong>Alerjen i\u00e7erikli \u00fcr\u00fcnlerin g\u00fcvenli y\u00f6netimi, etiketleme ve servis s\u00fcre\u00e7lerinde dikkat edilmesi gereken uygulamalar\u0131 anlat\u0131yoruz.<\/strong><\/p>\n\n\n\n<p class=\"has-text-color has-link-color wp-elements-299bb82172e728a784a0a08ca9b4e31f\" style=\"color:#21dd27\"><strong>Y\u00f6netici ve \u015eef E\u011fitimleri<\/strong><\/p>\n\n\n\n<p class=\"has-kubio-color-1-color has-text-color has-link-color wp-elements-736115b978569931f4a7d5084f34e29d\"><strong>Y\u00f6netim kadrolar\u0131 i\u00e7in operasyon kontrol\u00fc, denetim haz\u0131rl\u0131klar\u0131 ve ekip y\u00f6netimi konusunda profesyonel e\u011fitim i\u00e7erikleri sunuyoruz.<\/strong><\/p>\n\n\n\n<p class=\"has-text-color has-link-color wp-elements-285d16451dc616e1da9a98b6531e2b83\" style=\"color:#1746ae\"><strong>\u2e3b<\/strong><\/p>\n\n\n\n<p class=\"has-text-color has-link-color wp-elements-8300fc6b1ef48c7b1317131aef88f673\" style=\"color:#16c21c\"><strong>E\u011fitim S\u00fcrecimiz<\/strong><\/p>\n\n\n\n<ol class=\"wp-block-list\">\n<li class=\"has-text-color has-link-color wp-elements-e88ef0f8fe0e8ddc0738d1f201f207a0\" style=\"color:#1645aa\"><strong>\u0130\u015fletme analizi yap\u0131l\u0131r<\/strong><\/li>\n\n\n\n<li class=\"has-text-color has-link-color wp-elements-5d3bbb4df2b9c4e8ca14915463ab6b30\" style=\"color:#1544aa\"><strong>\u0130htiyaca uygun e\u011fitim plan\u0131 olu\u015fturulur<\/strong><\/li>\n\n\n\n<li class=\"has-text-color has-link-color wp-elements-b8b80f37f7c86f159512e5ed44acf703\" style=\"color:#133f9d\"><strong>Uygulamal\u0131 ve teorik e\u011fitim ger\u00e7ekle\u015ftirilir<\/strong><\/li>\n\n\n\n<li class=\"has-text-color has-link-color wp-elements-76df880a90fee9ef55b52485e37e804a\" style=\"color:#1644a9\"><strong>Personel de\u011ferlendirmesi yap\u0131l\u0131r<\/strong><\/li>\n\n\n\n<li class=\"has-text-color has-link-color wp-elements-541040c8e30f2b5baa00b8e0b81e8763\" style=\"color:#133c96\"><strong>Geli\u015fim raporu sunulur<\/strong><\/li>\n<\/ol>\n\n\n\n<p class=\"has-text-color has-link-color wp-elements-2e360efce1519137d5f42ba373d3acc0\" style=\"color:#1241a5\">\u2e3b<\/p>\n\n\n\n<p class=\"has-text-color has-link-color wp-elements-69c505b800fe980e69d795c7126a509e\" style=\"color:#14d324\"><strong>Kimlere Hizmet Veriyoruz?<\/strong><\/p>\n\n\n\n<ul class=\"wp-block-list\">\n<li class=\"has-text-color has-link-color wp-elements-4c2d1e660dd45b9406237cfc8e06eadc\" style=\"color:#1745a9\"><strong>Oteller<\/strong><\/li>\n\n\n\n<li class=\"has-text-color has-link-color wp-elements-cba9403261a042afc5ff66da4a640c57\" style=\"color:#1745a8\"><strong>Restoranlar<\/strong><\/li>\n\n\n\n<li class=\"has-text-color has-link-color wp-elements-a1ed49473b0c51222c51878ed7396260\" style=\"color:#184ab6\"><strong>Kafeler<\/strong><\/li>\n\n\n\n<li class=\"has-text-color has-link-color wp-elements-31918c067f2d0c1d364d40c2e17c03e3\" style=\"color:#1847af\"><strong>Catering firmalar\u0131<\/strong><\/li>\n\n\n\n<li class=\"has-text-color has-link-color wp-elements-c829262b40c106e22a2e02102a342aa7\" style=\"color:#1646ac\"><strong>Hastaneler<\/strong><\/li>\n\n\n\n<li class=\"has-text-color has-link-color wp-elements-91f492c3db6af2b73283b5412e008368\" style=\"color:#1745a8\"><strong>Okullar<\/strong><\/li>\n\n\n\n<li class=\"has-text-color has-link-color wp-elements-534950ff664054e2039226a0b89cba29\" style=\"color:#1240a3\"><strong>Kurumsal yemekhaneler<\/strong><\/li>\n\n\n\n<li class=\"has-text-color has-link-color wp-elements-c6a579be6f8f1bb9f91cc9bd55392957\" style=\"color:#1946a6\"><strong>G\u0131da \u00fcretim tesisleri<\/strong><\/li>\n<\/ul>\n\n\n\n<p class=\"has-text-color has-link-color wp-elements-711248cc8fc6664c2120645dadd4e48e\" style=\"color:#1645ac\">\u2e3b<\/p>\n\n\n\n<p class=\"has-text-color has-link-color wp-elements-0708378040b51ebfc0b4fa1353efcd52\" style=\"color:#0eda0e\"><strong>Neden Gastro Denetim?<\/strong><\/p>\n\n\n\n<ul class=\"wp-block-list\">\n<li class=\"has-text-color has-link-color wp-elements-1dbbecd8c947e381095a6a96f3abb492\" style=\"color:#1c48a9\"><strong>Sekt\u00f6re \u00f6zel e\u011fitim i\u00e7erikleri<\/strong><\/li>\n\n\n\n<li class=\"has-text-color has-link-color wp-elements-07afeb17f4708051200ba9703ad23804\" style=\"color:#1544ab\"><strong>G\u00fcncel mevzuata uygun programlar<\/strong><\/li>\n\n\n\n<li class=\"has-text-color has-link-color wp-elements-e0a34331a211b58e719bf1432dc08c31\" style=\"color:#14409f\"><strong>Uygulamal\u0131 saha deneyimi<\/strong><\/li>\n\n\n\n<li class=\"has-text-color has-link-color wp-elements-901e8d6272c34bc1e931f3747dd8bb62\" style=\"color:#1643a4\"><strong>\u0130\u015fletmeye \u00f6zel \u00e7\u00f6z\u00fcm yakla\u015f\u0131m\u0131<\/strong><\/li>\n\n\n\n<li class=\"has-text-color has-link-color wp-elements-8277d92131e83749d10ec909d94f4501\" style=\"color:#1846aa\"><strong>Profesyonel denetim ve dan\u0131\u015fmanl\u0131k deste\u011fi<\/strong><\/li>\n<\/ul>\n\n\n\n<p class=\"has-text-color has-link-color wp-elements-8bbc4638127c907fbc14455afaaabe30\" style=\"color:#1847ac\">\u2e3b<\/p>\n\n\n\n<p class=\"has-text-color has-link-color has-large-font-size wp-elements-8ce7377f6dc340f06099e237f7ed5f73\" style=\"color:#1bd911\"><strong>G\u00fc\u00e7l\u00fc E\u011fitim, G\u00fcvenli \u0130\u015fletme<\/strong><\/p>\n\n\n\n<p class=\"has-text-color has-link-color has-large-font-size wp-elements-07afe04839348c907f56ce4d10ddfc40\" style=\"color:#1643a4\"><strong>Bilin\u00e7li personel; daha g\u00fcvenli \u00fcretim, daha g\u00fc\u00e7l\u00fc marka itibar\u0131 ve daha y\u00fcksek m\u00fc\u015fteri memnuniyeti sa\u011flar.<br><\/strong><\/p>\n","protected":false},"excerpt":{"rendered":"<p>G\u0131da G\u00fcvenli\u011finde Bilin\u00e7li Ekipler, G\u00fc\u00e7l\u00fc \u0130\u015fletmeler Gastro Denetim olarak i\u015fletmelerin yaln\u0131zca denetlenmesini de\u011fil, ayn\u0131 zamanda s\u00fcrd\u00fcr\u00fclebilir hijyen k\u00fclt\u00fcr\u00fc olu\u015fturmas\u0131n\u0131 hedefliyoruz.Sekt\u00f6re \u00f6zel haz\u0131rlad\u0131\u011f\u0131m\u0131z e\u011fitim programlar\u0131 ile personellerinizin g\u0131da g\u00fcvenli\u011fi, hijyen ve operasyonel kalite konular\u0131nda bilin\u00e7lenmesini sa\u011fl\u0131yoruz. \u2e3b E\u011fitimlerimiz Neleri Kapsar? Personel Hijyen E\u011fitimi \u00c7al\u0131\u015fanlar\u0131n ki\u015fisel hijyen kurallar\u0131, do\u011fru el y\u0131kama uygulamalar\u0131, \u00fcniforma kullan\u0131m\u0131 ve \u00e7apraz bula\u015fma [&hellip;]<\/p>\n","protected":false},"author":1,"featured_media":0,"parent":0,"menu_order":0,"comment_status":"closed","ping_status":"closed","template":"","meta":{"saved_in_kubio":true,"footnotes":""},"class_list":["post-196","page","type-page","status-publish","hentry"],"kubio_ai_page_context":{"short_desc":"","purpose":"general"},"_links":{"self":[{"href":"http:\/\/www.gastrodenetim.com.tr\/index.php\/wp-json\/wp\/v2\/pages\/196","targetHints":{"allow":["GET"]}}],"collection":[{"href":"http:\/\/www.gastrodenetim.com.tr\/index.php\/wp-json\/wp\/v2\/pages"}],"about":[{"href":"http:\/\/www.gastrodenetim.com.tr\/index.php\/wp-json\/wp\/v2\/types\/page"}],"author":[{"embeddable":true,"href":"http:\/\/www.gastrodenetim.com.tr\/index.php\/wp-json\/wp\/v2\/users\/1"}],"replies":[{"embeddable":true,"href":"http:\/\/www.gastrodenetim.com.tr\/index.php\/wp-json\/wp\/v2\/comments?post=196"}],"version-history":[{"count":4,"href":"http:\/\/www.gastrodenetim.com.tr\/index.php\/wp-json\/wp\/v2\/pages\/196\/revisions"}],"predecessor-version":[{"id":231,"href":"http:\/\/www.gastrodenetim.com.tr\/index.php\/wp-json\/wp\/v2\/pages\/196\/revisions\/231"}],"wp:attachment":[{"href":"http:\/\/www.gastrodenetim.com.tr\/index.php\/wp-json\/wp\/v2\/media?parent=196"}],"curies":[{"name":"wp","href":"https:\/\/api.w.org\/{rel}","templated":true}]}}