{"id":97,"date":"2026-05-11T14:02:57","date_gmt":"2026-05-11T14:02:57","guid":{"rendered":"http:\/\/www.gastrodenetim.com.tr\/?page_id=97"},"modified":"2026-05-15T14:15:43","modified_gmt":"2026-05-15T14:15:43","slug":"iletisim","status":"publish","type":"page","link":"http:\/\/www.gastrodenetim.com.tr\/index.php\/iletisim\/","title":{"rendered":"\u0130LET\u0130\u015e\u0130M"},"content":{"rendered":"\n<p><strong><em>Gastro Denetim ile \u0130\u015fletmenize Pozitif Katk\u0131lar Sa\u011flay\u0131n<\/em><\/strong><\/p>\n\n\n\n<p><strong>Mail:<\/strong> info@gastrodenetim.com.tr<\/p>\n\n\n\n<p><strong>Gsm:<\/strong> +90 546 692 44 61<\/p>\n\n\n\n<p><strong>Adres:<\/strong> \u0130stanbul \/ T\u00fcrkiye<\/p>\n\n\n\n<p><\/p>\n","protected":false},"excerpt":{"rendered":"<p>Gastro Denetim ile \u0130\u015fletmenize Pozitif Katk\u0131lar Sa\u011flay\u0131n Mail: info@gastrodenetim.com.tr Gsm: +90 546 692 44 61 Adres: \u0130stanbul \/ T\u00fcrkiye<\/p>\n","protected":false},"author":1,"featured_media":0,"parent":0,"menu_order":0,"comment_status":"closed","ping_status":"closed","template":"","meta":{"saved_in_kubio":false,"footnotes":""},"class_list":["post-97","page","type-page","status-publish","hentry"],"kubio_ai_page_context":{"short_desc":"","purpose":"general"},"_links":{"self":[{"href":"http:\/\/www.gastrodenetim.com.tr\/index.php\/wp-json\/wp\/v2\/pages\/97","targetHints":{"allow":["GET"]}}],"collection":[{"href":"http:\/\/www.gastrodenetim.com.tr\/index.php\/wp-json\/wp\/v2\/pages"}],"about":[{"href":"http:\/\/www.gastrodenetim.com.tr\/index.php\/wp-json\/wp\/v2\/types\/page"}],"author":[{"embeddable":true,"href":"http:\/\/www.gastrodenetim.com.tr\/index.php\/wp-json\/wp\/v2\/users\/1"}],"replies":[{"embeddable":true,"href":"http:\/\/www.gastrodenetim.com.tr\/index.php\/wp-json\/wp\/v2\/comments?post=97"}],"version-history":[{"count":4,"href":"http:\/\/www.gastrodenetim.com.tr\/index.php\/wp-json\/wp\/v2\/pages\/97\/revisions"}],"predecessor-version":[{"id":236,"href":"http:\/\/www.gastrodenetim.com.tr\/index.php\/wp-json\/wp\/v2\/pages\/97\/revisions\/236"}],"wp:attachment":[{"href":"http:\/\/www.gastrodenetim.com.tr\/index.php\/wp-json\/wp\/v2\/media?parent=97"}],"curies":[{"name":"wp","href":"https:\/\/api.w.org\/{rel}","templated":true}]}}