{"id":99,"date":"2026-05-11T14:03:29","date_gmt":"2026-05-11T14:03:29","guid":{"rendered":"http:\/\/www.gastrodenetim.com.tr\/?page_id=99"},"modified":"2026-05-15T15:53:34","modified_gmt":"2026-05-15T15:53:34","slug":"hakkimizda","status":"publish","type":"page","link":"http:\/\/www.gastrodenetim.com.tr\/index.php\/hakkimizda\/","title":{"rendered":"HAKKIMIZDA"},"content":{"rendered":"\n<p class=\"has-text-color has-link-color wp-elements-f66e79a29edf0e92585cbd430d3f5c4a\" style=\"color:#103c9b\"><strong>Gastro Denetim, g\u0131da \u00fcretimi, hizmeti ve sat\u0131\u015f\u0131 yapan i\u015fletmelere en g\u00fcvenilir hizmeti sunmak amac\u0131yla kuruldu.<\/strong><\/p>\n\n\n\n<p class=\"has-text-color has-link-color wp-elements-fac41fa5f4bdcc945f5e7bcae5b9b133\" style=\"color:#123a92\"><strong>Sekt\u00f6rde 15+ y\u0131ll\u0131k saha tecr\u00fcbesine sahip uzman kadromuzla, g\u0131da g\u00fcvenli\u011fini teoriden \u00e7\u0131kar\u0131p uygulamada sonu\u00e7 veren bir sisteme d\u00f6n\u00fc\u015ft\u00fcr\u00fcyoruz.<\/strong><\/p>\n\n\n\n<p class=\"has-text-color has-link-color wp-elements-0997285be028ccdafe12bc79475623d8\" style=\"color:#0c358e\"><strong>Denetim ve e\u011fitim s\u00fcre\u00e7lerimizi G\u00fcven \u00b7 Kontrol \u00b7 Kalite ilkeleri \u00fczerine in\u015fa ediyoruz. Amac\u0131m\u0131z sadece mevzuata uygunluk de\u011fil, i\u015fletmenin itibar\u0131n\u0131 ve t\u00fcketici sa\u011fl\u0131\u011f\u0131n\u0131 koruyan s\u00fcrd\u00fcr\u00fclebilir bir yap\u0131 kurmak.<\/strong><\/p>\n\n\n\n<p><\/p>\n\n\n","protected":false},"excerpt":{"rendered":"<p>Gastro Denetim, g\u0131da \u00fcretimi, hizmeti ve sat\u0131\u015f\u0131 yapan i\u015fletmelere en g\u00fcvenilir hizmeti sunmak amac\u0131yla kuruldu. Sekt\u00f6rde 15+ y\u0131ll\u0131k saha tecr\u00fcbesine sahip uzman kadromuzla, g\u0131da g\u00fcvenli\u011fini teoriden \u00e7\u0131kar\u0131p uygulamada sonu\u00e7 veren bir sisteme d\u00f6n\u00fc\u015ft\u00fcr\u00fcyoruz. Denetim ve e\u011fitim s\u00fcre\u00e7lerimizi G\u00fcven \u00b7 Kontrol \u00b7 Kalite ilkeleri \u00fczerine in\u015fa ediyoruz. Amac\u0131m\u0131z sadece mevzuata uygunluk de\u011fil, i\u015fletmenin itibar\u0131n\u0131 ve t\u00fcketici [&hellip;]<\/p>\n","protected":false},"author":1,"featured_media":0,"parent":0,"menu_order":0,"comment_status":"closed","ping_status":"closed","template":"","meta":{"saved_in_kubio":true,"footnotes":""},"class_list":["post-99","page","type-page","status-publish","hentry"],"kubio_ai_page_context":{"short_desc":"","purpose":"general"},"_links":{"self":[{"href":"http:\/\/www.gastrodenetim.com.tr\/index.php\/wp-json\/wp\/v2\/pages\/99","targetHints":{"allow":["GET"]}}],"collection":[{"href":"http:\/\/www.gastrodenetim.com.tr\/index.php\/wp-json\/wp\/v2\/pages"}],"about":[{"href":"http:\/\/www.gastrodenetim.com.tr\/index.php\/wp-json\/wp\/v2\/types\/page"}],"author":[{"embeddable":true,"href":"http:\/\/www.gastrodenetim.com.tr\/index.php\/wp-json\/wp\/v2\/users\/1"}],"replies":[{"embeddable":true,"href":"http:\/\/www.gastrodenetim.com.tr\/index.php\/wp-json\/wp\/v2\/comments?post=99"}],"version-history":[{"count":4,"href":"http:\/\/www.gastrodenetim.com.tr\/index.php\/wp-json\/wp\/v2\/pages\/99\/revisions"}],"predecessor-version":[{"id":247,"href":"http:\/\/www.gastrodenetim.com.tr\/index.php\/wp-json\/wp\/v2\/pages\/99\/revisions\/247"}],"wp:attachment":[{"href":"http:\/\/www.gastrodenetim.com.tr\/index.php\/wp-json\/wp\/v2\/media?parent=99"}],"curies":[{"name":"wp","href":"https:\/\/api.w.org\/{rel}","templated":true}]}}